{"id":1158,"date":"2022-03-21T19:23:54","date_gmt":"2022-03-21T19:23:54","guid":{"rendered":"https:\/\/ativoconstrucoes.com.br\/?page_id=1158"},"modified":"2025-10-17T23:54:20","modified_gmt":"2025-10-17T23:54:20","slug":"responsabilidade-e-integracao-social","status":"publish","type":"page","link":"https:\/\/ativoconstrucoes.com.br\/?page_id=1158","title":{"rendered":"Responsabilidade e Integra\u00e7\u00e3o Social"},"content":{"rendered":"<p>Nossa empresa busca integrar quest\u00f5es \u00e9ticas, sociais, ambientais e esportivas, estimulando o trabalho volunt\u00e1rio e a cidadania, sempre apoiando institui\u00e7\u00f5es que desenvolvem atividades que visem contribuir para o bem estar da comunidade local e da sociedade em geral, &nbsp;mantendo o foco na igualdade, diversidade e inclus\u00e3o atrav\u00e9s da parceria entre colaboradores, fornecedores, clientes e a sociedade civil organizada.<\/p>\n<p>Confira abaixo algumas a\u00e7\u00f5es:<\/p>\n\n\n<figure class=\"wp-block-gallery has-nested-images columns-default is-cropped wp-block-gallery-1 is-layout-flex wp-block-gallery-is-layout-flex\">\n<figure class=\"wp-block-image size-large\"><a href=\"https:\/\/ativoconstrucoes.com.br\/wp-content\/uploads\/2022\/03\/IMG-20201003-WA0003.jpg\"><img loading=\"lazy\" decoding=\"async\" width=\"1024\" height=\"768\" data-id=\"1163\" src=\"https:\/\/ativoconstrucoes.com.br\/wp-content\/uploads\/2022\/03\/IMG-20201003-WA0003-1024x768.jpg\" alt=\"\" class=\"wp-image-1163\" srcset=\"https:\/\/ativoconstrucoes.com.br\/wp-content\/uploads\/2022\/03\/IMG-20201003-WA0003-1024x768.jpg 1024w, https:\/\/ativoconstrucoes.com.br\/wp-content\/uploads\/2022\/03\/IMG-20201003-WA0003-300x225.jpg 300w, https:\/\/ativoconstrucoes.com.br\/wp-content\/uploads\/2022\/03\/IMG-20201003-WA0003-768x576.jpg 768w, https:\/\/ativoconstrucoes.com.br\/wp-content\/uploads\/2022\/03\/IMG-20201003-WA0003.jpg 1280w\" sizes=\"auto, (max-width: 1024px) 100vw, 1024px\" \/><\/a><\/figure>\n\n\n\n<figure class=\"wp-block-image size-large\"><a href=\"https:\/\/ativoconstrucoes.com.br\/wp-content\/uploads\/2022\/03\/IMG-20201106-WA0011.jpg\"><img loading=\"lazy\" decoding=\"async\" width=\"1024\" height=\"1024\" data-id=\"1162\" src=\"https:\/\/ativoconstrucoes.com.br\/wp-content\/uploads\/2022\/03\/IMG-20201106-WA0011-1024x1024.jpg\" alt=\"\" class=\"wp-image-1162\" srcset=\"https:\/\/ativoconstrucoes.com.br\/wp-content\/uploads\/2022\/03\/IMG-20201106-WA0011-1024x1024.jpg 1024w, https:\/\/ativoconstrucoes.com.br\/wp-content\/uploads\/2022\/03\/IMG-20201106-WA0011-300x300.jpg 300w, https:\/\/ativoconstrucoes.com.br\/wp-content\/uploads\/2022\/03\/IMG-20201106-WA0011-150x150.jpg 150w, https:\/\/ativoconstrucoes.com.br\/wp-content\/uploads\/2022\/03\/IMG-20201106-WA0011-768x768.jpg 768w, https:\/\/ativoconstrucoes.com.br\/wp-content\/uploads\/2022\/03\/IMG-20201106-WA0011-510x510.jpg 510w, https:\/\/ativoconstrucoes.com.br\/wp-content\/uploads\/2022\/03\/IMG-20201106-WA0011.jpg 1280w\" sizes=\"auto, (max-width: 1024px) 100vw, 1024px\" \/><\/a><\/figure>\n\n\n\n<figure class=\"wp-block-image size-large\"><a href=\"https:\/\/ativoconstrucoes.com.br\/wp-content\/uploads\/2022\/03\/IMG-20201219-WA0045.jpg\"><img loading=\"lazy\" decoding=\"async\" width=\"768\" height=\"1024\" data-id=\"1165\" src=\"https:\/\/ativoconstrucoes.com.br\/wp-content\/uploads\/2022\/03\/IMG-20201219-WA0045-768x1024.jpg\" alt=\"\" class=\"wp-image-1165\" srcset=\"https:\/\/ativoconstrucoes.com.br\/wp-content\/uploads\/2022\/03\/IMG-20201219-WA0045-768x1024.jpg 768w, https:\/\/ativoconstrucoes.com.br\/wp-content\/uploads\/2022\/03\/IMG-20201219-WA0045-225x300.jpg 225w, https:\/\/ativoconstrucoes.com.br\/wp-content\/uploads\/2022\/03\/IMG-20201219-WA0045.jpg 780w\" sizes=\"auto, (max-width: 768px) 100vw, 768px\" \/><\/a><\/figure>\n\n\n\n<figure class=\"wp-block-image size-large\"><a href=\"https:\/\/ativoconstrucoes.com.br\/wp-content\/uploads\/2022\/03\/IMG-20201220-WA0034.jpg\"><img loading=\"lazy\" decoding=\"async\" width=\"1024\" height=\"768\" data-id=\"1166\" src=\"https:\/\/ativoconstrucoes.com.br\/wp-content\/uploads\/2022\/03\/IMG-20201220-WA0034-1024x768.jpg\" alt=\"\" class=\"wp-image-1166\" srcset=\"https:\/\/ativoconstrucoes.com.br\/wp-content\/uploads\/2022\/03\/IMG-20201220-WA0034-1024x768.jpg 1024w, https:\/\/ativoconstrucoes.com.br\/wp-content\/uploads\/2022\/03\/IMG-20201220-WA0034-300x225.jpg 300w, https:\/\/ativoconstrucoes.com.br\/wp-content\/uploads\/2022\/03\/IMG-20201220-WA0034-768x576.jpg 768w, https:\/\/ativoconstrucoes.com.br\/wp-content\/uploads\/2022\/03\/IMG-20201220-WA0034.jpg 1040w\" sizes=\"auto, (max-width: 1024px) 100vw, 1024px\" \/><\/a><\/figure>\n\n\n\n<figure class=\"wp-block-image size-large\"><a href=\"https:\/\/ativoconstrucoes.com.br\/wp-content\/uploads\/2022\/03\/IMG-20201220-WA0038.jpg\"><img loading=\"lazy\" decoding=\"async\" width=\"1024\" height=\"768\" data-id=\"1168\" src=\"https:\/\/ativoconstrucoes.com.br\/wp-content\/uploads\/2022\/03\/IMG-20201220-WA0038-1024x768.jpg\" alt=\"\" class=\"wp-image-1168\" srcset=\"https:\/\/ativoconstrucoes.com.br\/wp-content\/uploads\/2022\/03\/IMG-20201220-WA0038-1024x768.jpg 1024w, https:\/\/ativoconstrucoes.com.br\/wp-content\/uploads\/2022\/03\/IMG-20201220-WA0038-300x225.jpg 300w, https:\/\/ativoconstrucoes.com.br\/wp-content\/uploads\/2022\/03\/IMG-20201220-WA0038-768x576.jpg 768w, https:\/\/ativoconstrucoes.com.br\/wp-content\/uploads\/2022\/03\/IMG-20201220-WA0038.jpg 1040w\" sizes=\"auto, (max-width: 1024px) 100vw, 1024px\" \/><\/a><\/figure>\n\n\n\n<figure class=\"wp-block-image size-large\"><a href=\"https:\/\/ativoconstrucoes.com.br\/wp-content\/uploads\/2022\/03\/IMG-20211224-WA0022.jpg\"><img loading=\"lazy\" decoding=\"async\" width=\"1024\" height=\"768\" data-id=\"1167\" src=\"https:\/\/ativoconstrucoes.com.br\/wp-content\/uploads\/2022\/03\/IMG-20211224-WA0022-1024x768.jpg\" alt=\"\" class=\"wp-image-1167\" srcset=\"https:\/\/ativoconstrucoes.com.br\/wp-content\/uploads\/2022\/03\/IMG-20211224-WA0022-1024x768.jpg 1024w, https:\/\/ativoconstrucoes.com.br\/wp-content\/uploads\/2022\/03\/IMG-20211224-WA0022-300x225.jpg 300w, https:\/\/ativoconstrucoes.com.br\/wp-content\/uploads\/2022\/03\/IMG-20211224-WA0022-768x576.jpg 768w, https:\/\/ativoconstrucoes.com.br\/wp-content\/uploads\/2022\/03\/IMG-20211224-WA0022-1536x1152.jpg 1536w, https:\/\/ativoconstrucoes.com.br\/wp-content\/uploads\/2022\/03\/IMG-20211224-WA0022.jpg 1600w\" sizes=\"auto, (max-width: 1024px) 100vw, 1024px\" \/><\/a><\/figure>\n\n\n\n<figure class=\"wp-block-image size-large\"><a href=\"https:\/\/ativoconstrucoes.com.br\/wp-content\/uploads\/2022\/03\/IMG-20211224-WA0027.jpg\"><img loading=\"lazy\" decoding=\"async\" width=\"768\" height=\"1024\" data-id=\"1169\" src=\"https:\/\/ativoconstrucoes.com.br\/wp-content\/uploads\/2022\/03\/IMG-20211224-WA0027-768x1024.jpg\" alt=\"\" class=\"wp-image-1169\" srcset=\"https:\/\/ativoconstrucoes.com.br\/wp-content\/uploads\/2022\/03\/IMG-20211224-WA0027-768x1024.jpg 768w, https:\/\/ativoconstrucoes.com.br\/wp-content\/uploads\/2022\/03\/IMG-20211224-WA0027-225x300.jpg 225w, https:\/\/ativoconstrucoes.com.br\/wp-content\/uploads\/2022\/03\/IMG-20211224-WA0027-1152x1536.jpg 1152w, https:\/\/ativoconstrucoes.com.br\/wp-content\/uploads\/2022\/03\/IMG-20211224-WA0027.jpg 1200w\" sizes=\"auto, (max-width: 768px) 100vw, 768px\" \/><\/a><\/figure>\n\n\n\n<figure class=\"wp-block-image size-large\"><a href=\"https:\/\/ativoconstrucoes.com.br\/wp-content\/uploads\/2022\/03\/IMG-20201001-WA0026-1.jpg\"><img loading=\"lazy\" decoding=\"async\" width=\"1024\" height=\"634\" data-id=\"1174\" src=\"https:\/\/ativoconstrucoes.com.br\/wp-content\/uploads\/2022\/03\/IMG-20201001-WA0026-1-1024x634.jpg\" alt=\"\" class=\"wp-image-1174\" srcset=\"https:\/\/ativoconstrucoes.com.br\/wp-content\/uploads\/2022\/03\/IMG-20201001-WA0026-1-1024x634.jpg 1024w, https:\/\/ativoconstrucoes.com.br\/wp-content\/uploads\/2022\/03\/IMG-20201001-WA0026-1-300x186.jpg 300w, https:\/\/ativoconstrucoes.com.br\/wp-content\/uploads\/2022\/03\/IMG-20201001-WA0026-1-768x475.jpg 768w, https:\/\/ativoconstrucoes.com.br\/wp-content\/uploads\/2022\/03\/IMG-20201001-WA0026-1.jpg 1280w\" sizes=\"auto, (max-width: 1024px) 100vw, 1024px\" \/><\/a><\/figure>\n\n\n\n<figure class=\"wp-block-image size-large\"><a href=\"https:\/\/ativoconstrucoes.com.br\/wp-content\/uploads\/2022\/03\/IMG_7635-2-scaled.jpg\"><img loading=\"lazy\" decoding=\"async\" width=\"2560\" height=\"1707\" data-id=\"1176\" src=\"https:\/\/ativoconstrucoes.com.br\/wp-content\/uploads\/2022\/03\/IMG_7635-2-scaled.jpg\" alt=\"\" class=\"wp-image-1176\" srcset=\"https:\/\/ativoconstrucoes.com.br\/wp-content\/uploads\/2022\/03\/IMG_7635-2-scaled.jpg 2560w, https:\/\/ativoconstrucoes.com.br\/wp-content\/uploads\/2022\/03\/IMG_7635-2-300x200.jpg 300w\" sizes=\"auto, (max-width: 2560px) 100vw, 2560px\" \/><\/a><\/figure>\n<\/figure>\n\n\n\n<figure class=\"wp-block-image size-full\"><a href=\"https:\/\/ativoconstrucoes.com.br\/wp-content\/uploads\/2025\/10\/atv4.jpg\"><img loading=\"lazy\" decoding=\"async\" width=\"818\" height=\"546\" src=\"https:\/\/ativoconstrucoes.com.br\/wp-content\/uploads\/2025\/10\/atv4.jpg\" alt=\"\" class=\"wp-image-1566\" srcset=\"https:\/\/ativoconstrucoes.com.br\/wp-content\/uploads\/2025\/10\/atv4.jpg 818w, https:\/\/ativoconstrucoes.com.br\/wp-content\/uploads\/2025\/10\/atv4-300x200.jpg 300w, https:\/\/ativoconstrucoes.com.br\/wp-content\/uploads\/2025\/10\/atv4-768x513.jpg 768w\" sizes=\"auto, (max-width: 818px) 100vw, 818px\" \/><\/a><\/figure>\n","protected":false},"excerpt":{"rendered":"<p>Nossa empresa busca integrar quest\u00f5es \u00e9ticas, sociais, ambientais e esportivas, estimulando o trabalho volunt\u00e1rio e a cidadania, sempre apoiando institui\u00e7\u00f5es que desenvolvem atividades que visem contribuir para o bem estar da comunidade local e da sociedade em geral, &nbsp;mantendo o foco na igualdade, diversidade e inclus\u00e3o atrav\u00e9s da parceria entre colaboradores, fornecedores, clientes e a [&hellip;]<\/p>\n","protected":false},"author":3,"featured_media":1566,"parent":0,"menu_order":0,"comment_status":"closed","ping_status":"closed","template":"","meta":{"footnotes":""},"class_list":["post-1158","page","type-page","status-publish","has-post-thumbnail","czr-hentry"],"_links":{"self":[{"href":"https:\/\/ativoconstrucoes.com.br\/index.php?rest_route=\/wp\/v2\/pages\/1158","targetHints":{"allow":["GET"]}}],"collection":[{"href":"https:\/\/ativoconstrucoes.com.br\/index.php?rest_route=\/wp\/v2\/pages"}],"about":[{"href":"https:\/\/ativoconstrucoes.com.br\/index.php?rest_route=\/wp\/v2\/types\/page"}],"author":[{"embeddable":true,"href":"https:\/\/ativoconstrucoes.com.br\/index.php?rest_route=\/wp\/v2\/users\/3"}],"replies":[{"embeddable":true,"href":"https:\/\/ativoconstrucoes.com.br\/index.php?rest_route=%2Fwp%2Fv2%2Fcomments&post=1158"}],"version-history":[{"count":8,"href":"https:\/\/ativoconstrucoes.com.br\/index.php?rest_route=\/wp\/v2\/pages\/1158\/revisions"}],"predecessor-version":[{"id":1567,"href":"https:\/\/ativoconstrucoes.com.br\/index.php?rest_route=\/wp\/v2\/pages\/1158\/revisions\/1567"}],"wp:featuredmedia":[{"embeddable":true,"href":"https:\/\/ativoconstrucoes.com.br\/index.php?rest_route=\/wp\/v2\/media\/1566"}],"wp:attachment":[{"href":"https:\/\/ativoconstrucoes.com.br\/index.php?rest_route=%2Fwp%2Fv2%2Fmedia&parent=1158"}],"curies":[{"name":"wp","href":"https:\/\/api.w.org\/{rel}","templated":true}]}}